{"id":35,"date":"2023-03-10T01:08:13","date_gmt":"2023-03-10T01:08:13","guid":{"rendered":"http:\/\/www.mbinc.studio\/?page_id=35"},"modified":"2023-10-05T15:37:56","modified_gmt":"2023-10-05T15:37:56","slug":"a-propos","status":"publish","type":"page","link":"https:\/\/www.prosceniumstudio.com\/es\/a-propos\/","title":{"rendered":"Prop\u00f3sito"},"content":{"rendered":"<p>[et_pb_section fb_built=\u00a0\u00bb1&Prime; custom_padding_last_edited=\u00a0\u00bbon|desktop\u00a0\u00bb module_id=\u00a0\u00bbtop\u00a0\u00bb _builder_version=\u00a0\u00bb4.22.2&Prime; _module_preset=\u00a0\u00bbdefault\u00a0\u00bb background_color=\u00a0\u00bbRGBA(255,255,255,0)\u00a0\u00bb background_image=\u00a0\u00bbhttps:\/\/www.prosceniumstudio.com\/wp-content\/uploads\/2023\/10\/Modele-3D-Hero-1740&#215;996-2.jpg\u00a0\u00bb min_height=\u00a0\u00bb750px\u00a0\u00bb min_height_tablet=\u00a0\u00bb\u00a0\u00bb min_height_phone=\u00a0\u00bb\u00a0\u00bb min_height_last_edited=\u00a0\u00bbon|phone\u00a0\u00bb max_height_tablet=\u00a0\u00bb\u00a0\u00bb max_height_phone=\u00a0\u00bb250px\u00a0\u00bb max_height_last_edited=\u00a0\u00bbon|phone\u00a0\u00bb custom_padding=\u00a0\u00bb125px||125px||true|\u00a0\u00bb custom_padding_tablet=\u00a0\u00bb125px||125px||true|\u00a0\u00bb custom_padding_phone=\u00a0\u00bb50px||50px||false|false\u00a0\u00bb global_colors_info=\u00a0\u00bb{}\u00a0\u00bb][et_pb_row _builder_version=\u00a0\u00bb4.22.2&Prime; _module_preset=\u00a0\u00bbdefault\u00a0\u00bb min_height_tablet=\u00a0\u00bb\u00a0\u00bb min_height_phone=\u00a0\u00bb\u00a0\u00bb min_height_last_edited=\u00a0\u00bbon|desktop\u00a0\u00bb global_colors_info=\u00a0\u00bb{}\u00a0\u00bb][et_pb_column type=\u00a0\u00bb4_4&Prime; _builder_version=\u00a0\u00bb4.22.2&Prime; _module_preset=\u00a0\u00bbdefault\u00a0\u00bb global_colors_info=\u00a0\u00bb{}\u00a0\u00bb][et_pb_text _builder_version=\u00a0\u00bb4.22.2&Prime; _module_preset=\u00a0\u00bbdefault\u00a0\u00bb text_text_color=\u00a0\u00bb#000000&Prime; text_font_size=\u00a0\u00bb50px\u00a0\u00bb header_text_align=\u00a0\u00bbcenter\u00a0\u00bb custom_padding=\u00a0\u00bb25px||25px||false|false\u00a0\u00bb custom_padding_tablet=\u00a0\u00bb10px||10px||false|false\u00a0\u00bb custom_padding_phone=\u00a0\u00bb10px||10px||false|false\u00a0\u00bb custom_padding_last_edited=\u00a0\u00bbon|phone\u00a0\u00bb text_font_size_tablet=\u00a0\u00bb40px\u00a0\u00bb text_font_size_phone=\u00a0\u00bb30px\u00a0\u00bb text_font_size_last_edited=\u00a0\u00bbon|tablet\u00a0\u00bb global_colors_info=\u00a0\u00bb{}\u00a0\u00bb]<\/p>\n<p style=\"text-align: center;\"><span style=\"color: #ffffff;\"><strong>Prop\u00f3sito<\/strong><\/span><\/p>\n<p>[\/et_pb_text][\/et_pb_column][\/et_pb_row][\/et_pb_section][et_pb_section fb_built=\u00a0\u00bb1&Prime; custom_padding_last_edited=\u00a0\u00bbon|phone\u00a0\u00bb _builder_version=\u00a0\u00bb4.22.2&Prime; _module_preset=\u00a0\u00bbdefault\u00a0\u00bb custom_padding_tablet=\u00a0\u00bb\u00a0\u00bb custom_padding_phone=\u00a0\u00bb25px||25px||false|false\u00a0\u00bb global_colors_info=\u00a0\u00bb{}\u00a0\u00bb][et_pb_row column_structure=\u00a0\u00bb1_2,1_2&Prime; custom_padding_last_edited=\u00a0\u00bbon|desktop\u00a0\u00bb _builder_version=\u00a0\u00bb4.22.2&Prime; _module_preset=\u00a0\u00bbdefault\u00a0\u00bb custom_padding=\u00a0\u00bb50px||50px|||\u00a0\u00bb custom_padding_tablet=\u00a0\u00bb0px||0px||false|false\u00a0\u00bb custom_padding_phone=\u00a0\u00bb25px||25px||false|false\u00a0\u00bb hover_enabled=\u00a0\u00bb0&Prime; global_colors_info=\u00a0\u00bb{}\u00a0\u00bb sticky_enabled=\u00a0\u00bb0&Prime;][et_pb_column type=\u00a0\u00bb1_2&Prime; _builder_version=\u00a0\u00bb4.22.2&Prime; _module_preset=\u00a0\u00bbdefault\u00a0\u00bb global_colors_info=\u00a0\u00bb{}\u00a0\u00bb][et_pb_text module_class=\u00a0\u00bblist_spacing\u00a0\u00bb _builder_version=\u00a0\u00bb4.22.2&Prime; _module_preset=\u00a0\u00bbdefault\u00a0\u00bb text_text_color=\u00a0\u00bb#035B45&Prime; text_font_size=\u00a0\u00bb22px\u00a0\u00bb text_line_height=\u00a0\u00bb0.8em\u00a0\u00bb ul_line_height=\u00a0\u00bb1.5em\u00a0\u00bb hover_enabled=\u00a0\u00bb0&Prime; text_font_size_tablet=\u00a0\u00bb18px\u00a0\u00bb text_font_size_phone=\u00a0\u00bb16px\u00a0\u00bb text_font_size_last_edited=\u00a0\u00bbon|phone\u00a0\u00bb global_colors_info=\u00a0\u00bb{}\u00a0\u00bb custom_margin_last_edited=\u00a0\u00bbon|tablet\u00a0\u00bb custom_margin_phone=\u00a0\u00bb||-5px||false|false\u00a0\u00bb sticky_enabled=\u00a0\u00bb0&Prime; custom_margin_tablet=\u00a0\u00bb||-5px||false|false\u00a0\u00bb]<\/p>\n<ul>\n<li>Abogamos por una relaci\u00f3n personalizada con los clientes, la escucha\ndel cliente y de los usuarios es, en nuestra opini\u00f3n, fundamental para\nsatisfacer adecuadamente sus expectativas y necesidades. Estar\nf\u00e1cilmente accesible y disponible a la hora de realizar un proyecto\npara que el cliente sienta que est\u00e1 en contacto con personas m\u00e1s que\ncon una empresa.<\/li>\n<li>Este trabajo en equipo toma una gran importancia para nosotros en el\ndise\u00f1o y realizaci\u00f3n de un proyecto, porque creemos que es gracias a\nesta sinergia que nos permite dise\u00f1ar espacios personalizados, a la\nmedida de las necesidades de los usuarios.<\/li>\n<li>Con el fin de servir mejor a los creadores y de invertir, de acuerdo con los presupuestos disponibles, en equipos que se mantendr\u00e1n actualizados el mayor tiempo posible, estamos en constante b\u00fasqueda de novedades en cuanto a equipos esc\u00e9nicos a trav\u00e9s del uso de estos, los ensayos de muestras demostrativas, investigaci\u00f3n y asistencia a ferias y convenciones especializadas.<\/li>\n<\/ul>\n<p>[\/et_pb_text][\/et_pb_column][et_pb_column type=\u00a0\u00bb1_2&Prime; _builder_version=\u00a0\u00bb4.22.2&Prime; _module_preset=\u00a0\u00bbdefault\u00a0\u00bb global_colors_info=\u00a0\u00bb{}\u00a0\u00bb][et_pb_text module_class=\u00a0\u00bblist_spacing\u00a0\u00bb _builder_version=\u00a0\u00bb4.22.2&Prime; _module_preset=\u00a0\u00bbdefault\u00a0\u00bb text_text_color=\u00a0\u00bb#035B45&Prime; text_font_size=\u00a0\u00bb22px\u00a0\u00bb text_line_height=\u00a0\u00bb0.8em\u00a0\u00bb ul_line_height=\u00a0\u00bb1.5em\u00a0\u00bb hover_enabled=\u00a0\u00bb0&Prime; text_font_size_tablet=\u00a0\u00bb18px\u00a0\u00bb text_font_size_phone=\u00a0\u00bb16px\u00a0\u00bb text_font_size_last_edited=\u00a0\u00bbon|phone\u00a0\u00bb global_colors_info=\u00a0\u00bb{}\u00a0\u00bb custom_padding_last_edited=\u00a0\u00bbon|phone\u00a0\u00bb custom_margin_last_edited=\u00a0\u00bbon|tablet\u00a0\u00bb custom_margin_phone=\u00a0\u00bb-40px||||false|false\u00a0\u00bb sticky_enabled=\u00a0\u00bb0&Prime; custom_margin_tablet=\u00a0\u00bb-40px||||false|false\u00a0\u00bb]<\/p>\n<ul>\n<li>El respeto de los costes, los plazos, la adaptabilidad del presupuesto al concepto, la optimizaci\u00f3n de los gastos operativos posteriores, la disponibilidad y la proactividad son los motivos que caracterizan nuestro trabajo.<\/li>\n<li>Durante el concepto, tambi\u00e9n prestamos especial atenci\u00f3n a la seguridad de los lugares de trabajo al planificar los dise\u00f1os. Con esto en mente, nos aseguramos de que los trabajadores evolucionen en un ambiente seguro y que se preste atenci\u00f3n a las instalaciones relacionadas con trabajos en altura, manejo de equipos, trabajo cerca de equipos motorizados y partes m\u00f3viles.<\/li>\n<li>Evolucionar en un ambiente que permita realizar presentaciones de manera \u00f3ptima donde los lugares destaquen la escala, la poes\u00eda de los espect\u00e1culos y de las presentaciones que se realizar\u00e1n. \u00c9ste es el objetivo que nos impulsa.<\/li>\n<\/ul>\n<p>[\/et_pb_text][\/et_pb_column][\/et_pb_row][\/et_pb_section][et_pb_section fb_built=\u00a0\u00bb1&Prime; _builder_version=\u00a0\u00bb4.22.2&Prime; _module_preset=\u00a0\u00bbdefault\u00a0\u00bb background_color=\u00a0\u00bbrgba(221,221,221,0.15)\u00a0\u00bb custom_padding=\u00a0\u00bb30px||29px|||\u00a0\u00bb global_module=\u00a0\u00bb24705&Prime; saved_tabs=\u00a0\u00bball\u00a0\u00bb global_colors_info=\u00a0\u00bb{}\u00a0\u00bb][et_pb_row custom_padding_last_edited=\u00a0\u00bbon|phone\u00a0\u00bb _builder_version=\u00a0\u00bb4.22.2&Prime; _module_preset=\u00a0\u00bbdefault\u00a0\u00bb background_color=\u00a0\u00bbRGBA(255,255,255,0)\u00a0\u00bb custom_padding=\u00a0\u00bb125px||25px||false|false\u00a0\u00bb custom_padding_tablet=\u00a0\u00bb50px||50px||false|false\u00a0\u00bb custom_padding_phone=\u00a0\u00bb25px||25px||false|false\u00a0\u00bb global_colors_info=\u00a0\u00bb{}\u00a0\u00bb][et_pb_column type=\u00a0\u00bb4_4&Prime; _builder_version=\u00a0\u00bb4.22.2&Prime; _module_preset=\u00a0\u00bbdefault\u00a0\u00bb global_colors_info=\u00a0\u00bb{}\u00a0\u00bb][et_pb_menu menu_style=\u00a0\u00bbcentered\u00a0\u00bb submenu_direction=\u00a0\u00bbupwards\u00a0\u00bb active_link_color=\u00a0\u00bb#008C2C\u00a0\u00bb dropdown_menu_bg_color=\u00a0\u00bb#FFFFFF\u00a0\u00bb dropdown_menu_line_color=\u00a0\u00bb#035B45&Prime; dropdown_menu_active_link_color=\u00a0\u00bb#008C2C\u00a0\u00bb mobile_menu_bg_color=\u00a0\u00bb#FFFFFF\u00a0\u00bb mobile_menu_text_color=\u00a0\u00bb#035B45&Prime; _builder_version=\u00a0\u00bb4.22.2&Prime; _module_preset=\u00a0\u00bbdefault\u00a0\u00bb menu_text_color=\u00a0\u00bb#035B45&Prime; background_color=\u00a0\u00bbRGBA(255,255,255,0)\u00a0\u00bb global_colors_info=\u00a0\u00bb{}\u00a0\u00bb][\/et_pb_menu][\/et_pb_column][\/et_pb_row][et_pb_row _builder_version=\u00a0\u00bb4.22.2&Prime; _module_preset=\u00a0\u00bbdefault\u00a0\u00bb custom_padding=\u00a0\u00bb0px||0px||true|false\u00a0\u00bb global_colors_info=\u00a0\u00bb{}\u00a0\u00bb][et_pb_column type=\u00a0\u00bb4_4&Prime; _builder_version=\u00a0\u00bb4.22.2&Prime; _module_preset=\u00a0\u00bbdefault\u00a0\u00bb global_colors_info=\u00a0\u00bb{}\u00a0\u00bb][et_pb_icon font_icon=\u00a0\u00bb&#x3a;||divi||400&Prime; icon_color=\u00a0\u00bb#035B45&Prime; icon_width=\u00a0\u00bb25px\u00a0\u00bb url=\u00a0\u00bb#top\u00a0\u00bb _builder_version=\u00a0\u00bb4.22.2&Prime; _module_preset=\u00a0\u00bbdefault\u00a0\u00bb custom_padding=\u00a0\u00bb25px||25px||false|false\u00a0\u00bb global_colors_info=\u00a0\u00bb{}\u00a0\u00bb][\/et_pb_icon][\/et_pb_column][\/et_pb_row][et_pb_row _builder_version=\u00a0\u00bb4.22.2&Prime; _module_preset=\u00a0\u00bbdefault\u00a0\u00bb custom_padding=\u00a0\u00bb0px||0px|||\u00a0\u00bb global_colors_info=\u00a0\u00bb{}\u00a0\u00bb][et_pb_column type=\u00a0\u00bb4_4&Prime; _builder_version=\u00a0\u00bb4.22.2&Prime; _module_preset=\u00a0\u00bbdefault\u00a0\u00bb global_colors_info=\u00a0\u00bb{}\u00a0\u00bb][et_pb_text _builder_version=\u00a0\u00bb4.22.2&Prime; _module_preset=\u00a0\u00bbdefault\u00a0\u00bb text_text_color=\u00a0\u00bb#035B45&Prime; global_colors_info=\u00a0\u00bb{}\u00a0\u00bb]<\/p>\n<p style=\"text-align: center;\"><span>\u00a9 2023\u00a0\u00a0<\/span><span class=\"copyright\">Proscenium Studio &#8211; Tous droits r\u00e9serv\u00e9s<\/span><\/p>\n<p>[\/et_pb_text][\/et_pb_column][\/et_pb_row][\/et_pb_section]<\/p>","protected":false},"excerpt":{"rendered":"<p>\u00c0 propos Nous pr\u00e9conisons une relation personnalis\u00e9e avec les clients, \u00eatre \u00e0 l\u2019\u00e9coute du client et des utilisateurs est essentiel selon nous afin de r\u00e9pondre ad\u00e9quatement aux attentes et besoins de ceux-ci. \u00catre facilement accessible et disponible lors de la r\u00e9alisation d\u2019un projet afin que le client sente qu\u2019il est en relation avec des individus [&hellip;]<\/p>","protected":false},"author":1,"featured_media":0,"parent":0,"menu_order":0,"comment_status":"closed","ping_status":"closed","template":"","meta":{"_et_pb_use_builder":"on","_et_pb_old_content":"<!-- wp:cover {\"url\":\"https:\/\/www.prosceniumstudio.com\/wp-content\/uploads\/2023\/03\/mario-13-Filtre-Noir.jpg\",\"id\":211,\"dimRatio\":40,\"minHeight\":800,\"minHeightUnit\":\"px\",\"isDark\":false,\"align\":\"full\"} -->\n<div class=\"wp-block-cover alignfull is-light\" style=\"min-height:800px\"><span aria-hidden=\"true\" class=\"wp-block-cover__background has-background-dim-40 has-background-dim\"><\/span><img class=\"wp-block-cover__image-background wp-image-211\" alt=\"\" src=\"https:\/\/www.prosceniumstudio.com\/wp-content\/uploads\/2023\/03\/mario-13-Filtre-Noir.jpg\" data-object-fit=\"cover\"\/><div class=\"wp-block-cover__inner-container\"><!-- wp:paragraph {\"align\":\"center\",\"placeholder\":\"Write title\u2026\",\"fontSize\":\"large\"} -->\n<p class=\"has-text-align-center has-large-font-size\"><\/p>\n<!-- \/wp:paragraph -->\n\n<!-- wp:heading {\"level\":1,\"textColor\":\"quaternary\",\"editorskit\":{\"devices\":false,\"desktop\":true,\"tablet\":true,\"mobile\":true,\"loggedin\":true,\"loggedout\":true,\"acf_visibility\":\"\",\"acf_field\":\"\",\"acf_condition\":\"\",\"acf_value\":\"\",\"migrated\":false,\"unit_test\":false}} -->\n<h1 class=\"wp-block-heading has-quaternary-color has-text-color\">\u00c0 propos<\/h1>\n<!-- \/wp:heading --><\/div><\/div>\n<!-- \/wp:cover -->\n\n<!-- wp:columns {\"align\":\"wide\",\"fontSize\":\"large\"} -->\n<div class=\"wp-block-columns alignwide has-large-font-size has-large-font-size\"><!-- wp:column -->\n<div class=\"wp-block-column\"><!-- wp:list -->\n<ul><!-- wp:list-item -->\n<li>Nous pr\u00e9conisons une relation personnalis\u00e9e avec les clients, \u00eatre \u00e0 l\u2019\u00e9coute du client et des utilisateurs est essentiel selon nous afin de r\u00e9pondre ad\u00e9quatement aux attentes et besoins de ceux-ci. \u00catre facilement accessible et disponible lors de la r\u00e9alisation d\u2019un projet afin que le client sente qu\u2019il est en relation avec des individus plut\u00f4t qu\u2019une entreprise.&nbsp;<\/li>\n<!-- \/wp:list-item -->\n\n<!-- wp:list-item -->\n<li>Ce travail d\u2019\u00e9quipe prend une grande importance pour nous dans la conception et r\u00e9alisation d\u2019un projet, car nous croyons que c\u2019est gr\u00e2ce \u00e0 cette synergie qui nous permet de concevoir des espaces personnalis\u00e9s, sur mesure selon les besoins des utilisateurs.<\/li>\n<!-- \/wp:list-item -->\n\n<!-- wp:list-item {\"editorskit\":{\"mobile\":true,\"tablet\":true,\"desktop\":true,\"devices\":false,\"loggedin\":true,\"loggedout\":true,\"acf_visibility\":\"\",\"acf_field\":\"\",\"acf_condition\":\"\",\"acf_value\":\"\",\"migrated\":false,\"unit_test\":false}} -->\n<li>Afin de mieux servir les cr\u00e9ateurs et investir, selon les budgets disponibles, dans des \u00e9quipements qui resteront \u00e0 jour le plus longtemps possible, nous restons constamment \u00e0 l\u2019affut des nouveaut\u00e9s en termes d\u2019\u00e9quipement sc\u00e9nique par l\u2019utilisation de ceux-ci, l\u2019essai d\u2019\u00e9chantillons d\u00e9monstratifs, recherche et pr\u00e9sences dans les salons et conventions sp\u00e9cialis\u00e9s.&nbsp;<\/li>\n<!-- \/wp:list-item --><\/ul>\n<!-- \/wp:list --><\/div>\n<!-- \/wp:column -->\n\n<!-- wp:column -->\n<div class=\"wp-block-column\"><!-- wp:list -->\n<ul><!-- wp:list-item {\"editorskit\":{\"mobile\":true,\"tablet\":true,\"desktop\":true,\"devices\":false,\"loggedin\":true,\"loggedout\":true,\"acf_visibility\":\"\",\"acf_field\":\"\",\"acf_condition\":\"\",\"acf_value\":\"\",\"migrated\":false,\"unit_test\":false}} -->\n<li>Respect des couts, des calendriers, adaptabilit\u00e9s du budget au concept, optimisations des frais d\u2019op\u00e9ration subs\u00e9quents, disponibilit\u00e9s et proactivit\u00e9s sont des leitmotivs qui caract\u00e9risent notre travail.<\/li>\n<!-- \/wp:list-item -->\n\n<!-- wp:list-item {\"editorskit\":{\"mobile\":true,\"tablet\":true,\"desktop\":true,\"devices\":false,\"loggedin\":true,\"loggedout\":true,\"acf_visibility\":\"\",\"acf_field\":\"\",\"acf_condition\":\"\",\"acf_value\":\"\",\"migrated\":false,\"unit_test\":false}} -->\n<li>Durant la conception, nous portons aussi une attention particuli\u00e8re sur la s\u00e9curisation des lieux de travail lors des d\u00e9cisions d\u2019am\u00e9nagements. Dans cette optique nous nous assurons que les travailleurs \u00e9voluent dans un environnement s\u00e9curitaire et qu\u2019une attention soit port\u00e9e sur les installations concernant le travail en hauteur, la manutention des \u00e9quipements, le travail \u00e0 proximit\u00e9 des \u00e9quipements motoris\u00e9s et des pi\u00e8ces en mouvement.<\/li>\n<!-- \/wp:list-item -->\n\n<!-- wp:list-item {\"editorskit\":{\"mobile\":true,\"tablet\":true,\"desktop\":true,\"devices\":false,\"loggedin\":true,\"loggedout\":true,\"acf_visibility\":\"\",\"acf_field\":\"\",\"acf_condition\":\"\",\"acf_value\":\"\",\"migrated\":false,\"unit_test\":false}} -->\n<li>\u00c9voluer dans un environnement qui permet de r\u00e9aliser des pr\u00e9sentations de fa\u00e7on optimale o\u00f9 les lieux mettent en valeur l\u2019ampleur, la po\u00e9sie des spectacles et des prestations qui prendront place. Tel est l\u2019objectif qui nous anime.<\/li>\n<!-- \/wp:list-item --><\/ul>\n<!-- \/wp:list --><\/div>\n<!-- \/wp:column --><\/div>\n<!-- \/wp:columns -->","_et_gb_content_width":"","_editorskit_title_hidden":false,"_editorskit_reading_time":0,"_editorskit_is_block_options_detached":false,"_editorskit_block_options_position":"{}","inline_featured_image":false,"footnotes":""},"class_list":["post-35","page","type-page","status-publish","hentry"],"_links":{"self":[{"href":"https:\/\/www.prosceniumstudio.com\/es\/wp-json\/wp\/v2\/pages\/35","targetHints":{"allow":["GET"]}}],"collection":[{"href":"https:\/\/www.prosceniumstudio.com\/es\/wp-json\/wp\/v2\/pages"}],"about":[{"href":"https:\/\/www.prosceniumstudio.com\/es\/wp-json\/wp\/v2\/types\/page"}],"author":[{"embeddable":true,"href":"https:\/\/www.prosceniumstudio.com\/es\/wp-json\/wp\/v2\/users\/1"}],"replies":[{"embeddable":true,"href":"https:\/\/www.prosceniumstudio.com\/es\/wp-json\/wp\/v2\/comments?post=35"}],"version-history":[{"count":38,"href":"https:\/\/www.prosceniumstudio.com\/es\/wp-json\/wp\/v2\/pages\/35\/revisions"}],"predecessor-version":[{"id":24978,"href":"https:\/\/www.prosceniumstudio.com\/es\/wp-json\/wp\/v2\/pages\/35\/revisions\/24978"}],"wp:attachment":[{"href":"https:\/\/www.prosceniumstudio.com\/es\/wp-json\/wp\/v2\/media?parent=35"}],"curies":[{"name":"wp","href":"https:\/\/api.w.org\/{rel}","templated":true}]}}